{"id":26409,"date":"2025-10-28T17:17:03","date_gmt":"2025-10-28T16:17:03","guid":{"rendered":"https:\/\/giardinohotels.ch\/?page_id=26409"},"modified":"2025-10-29T15:30:06","modified_gmt":"2025-10-29T14:30:06","slug":"awards-test","status":"publish","type":"page","link":"https:\/\/giardinohotels.ch\/de\/awards-test\/","title":{"rendered":"Awards Test"},"content":{"rendered":"\t\t<div data-elementor-type=\"wp-page\" data-elementor-id=\"26409\" class=\"elementor elementor-26409\" data-elementor-post-type=\"page\">\n\t\t\t\t<div class=\"elementor-element elementor-element-5666c1f e-flex e-con-boxed e-con e-parent\" data-id=\"5666c1f\" data-element_type=\"container\" data-e-type=\"container\" data-settings=\"{&quot;ekit_has_onepagescroll_dot&quot;:&quot;yes&quot;}\">\n\t\t\t\t\t<div class=\"e-con-inner\">\n\t\t\t\t<div class=\"elementor-element elementor-element-d4834ea elementor-widget elementor-widget-heading\" data-id=\"d4834ea\" data-element_type=\"widget\" data-e-type=\"widget\" data-settings=\"{&quot;ekit_we_effect_on&quot;:&quot;none&quot;}\" data-widget_type=\"heading.default\">\n\t\t\t\t<div class=\"elementor-widget-container\">\n\t\t\t\t\t<h4 class=\"elementor-heading-title elementor-size-default\">Demo Award-Slider. Die Beispielbilder sind <b>nicht<\/b> gestaltet.<\/h4>\t\t\t\t<\/div>\n\t\t\t\t<\/div>\n\t\t\t\t\t<\/div>\n\t\t\t\t<\/div>\n\t\t<div class=\"elementor-element elementor-element-0d6f17b e-flex e-con-boxed e-con e-parent\" data-id=\"0d6f17b\" data-element_type=\"container\" data-e-type=\"container\" data-settings=\"{&quot;ekit_has_onepagescroll_dot&quot;:&quot;yes&quot;}\">\n\t\t\t\t\t<div class=\"e-con-inner\">\n\t\t\t\t<div class=\"elementor-element elementor-element-7540c9f experience pp-equal-height-yes elementor-grid-3 elementor-grid-tablet-2 elementor-grid-mobile-1 elementor-widget elementor-widget-pp-posts\" data-id=\"7540c9f\" data-element_type=\"widget\" data-e-type=\"widget\" data-settings=\"{&quot;ekit_we_effect_on&quot;:&quot;none&quot;}\" data-widget_type=\"pp-posts.classic\">\n\t\t\t\t<div class=\"elementor-widget-container\">\n\t\t\t\t\t\t\t<div class=\"pp-posts-container swiper-container-wrap swiper-container-wrap-dots-outside\">\n\t\t\t\n\t\t\t\n\t\t\t<div class=\"pp-posts pp-posts-skin-classic pp-posts-carousel pp-swiper-slider swiper\" data-equal-height=\"yes\" data-query-type=\"custom\" data-layout=\"carousel\" data-page=\"26409\" data-skin=\"classic\" data-slider-settings=\"{&quot;direction&quot;:&quot;horizontal&quot;,&quot;effect&quot;:&quot;slide&quot;,&quot;speed&quot;:600,&quot;slides_per_view&quot;:3,&quot;slides_to_scroll&quot;:1,&quot;centered_slides&quot;:true,&quot;loop&quot;:true,&quot;autoplay&quot;:&quot;yes&quot;,&quot;autoplay_speed&quot;:3000,&quot;pause_on_hover&quot;:&quot;yes&quot;,&quot;show_arrows&quot;:true,&quot;slides_per_view_mobile&quot;:1,&quot;slides_to_scroll_mobile&quot;:1,&quot;slides_per_view_tablet&quot;:2,&quot;slides_to_scroll_tablet&quot;:1}\">\n\t\t\t\t<div class=\"swiper-wrapper\">\t\t\t\t\t\t\t<div class=\"pp-post-wrap pp-carousel-item-wrap swiper-slide post-26526 award type-award status-publish has-post-thumbnail hentry\">\n\t\t\t\t\t\t<div class=\"pp-post pp-carousel-item\">\n\t\t\t\t\t\t<div class=\"pp-post-thumbnail\">\n\t\t\t<a class=\"pp-post-thumbnail-wrap\" href=\"https:\/\/giardinohotels.ch\/de\/award\/trust-in-us\/\" title=\"Trust in Us\">\n\t\t\t\t<img fetchpriority=\"high\" decoding=\"async\" width=\"1024\" height=\"1024\" src=\"https:\/\/giardinohotels.ch\/wp-content\/uploads\/2025\/11\/Logo_Trustyou_SW-1024x1024.png\" class=\"attachment-large size-large wp-image-26551\" alt=\"\" title=\"\" srcset=\"https:\/\/giardinohotels.ch\/wp-content\/uploads\/2025\/11\/Logo_Trustyou_SW-1024x1024.png 1024w, https:\/\/giardinohotels.ch\/wp-content\/uploads\/2025\/11\/Logo_Trustyou_SW-300x300.png 300w, https:\/\/giardinohotels.ch\/wp-content\/uploads\/2025\/11\/Logo_Trustyou_SW-150x150.png 150w, https:\/\/giardinohotels.ch\/wp-content\/uploads\/2025\/11\/Logo_Trustyou_SW-768x768.png 768w, https:\/\/giardinohotels.ch\/wp-content\/uploads\/2025\/11\/Logo_Trustyou_SW.png 1235w\" sizes=\"(max-width: 1024px) 100vw, 1024px\" \/>\t\t\t<\/a>\n\t\t<\/div>\n\t\t\n\t\t\t\t\n\t\t\t\t<div class=\"pp-post-content-wrap\">\n\t\t\t\t\t<div class=\"pp-post-content\">\n\t\t\t\t\t\t\t\t\t\t\t\t<h5 class=\"pp-post-title\">\n\t\t\t\tTrust in Us\t\t\t<\/h5>\n\t\t\t\t\t\t\t<div class=\"pp-post-excerpt\">\n\t\t\t\n<p>Lorem ipsum dolor sit amet, consectetur adipiscing elit, sed do eiusmod tempor incididunt ut labore et dolore magna aliqua. Ut enim ad minim veniam, quis nostrud exercitation ullamco laboris nisi ut aliquip ex ea commodo consequat. Duis aute irure dolor in reprehenderit in voluptate velit esse cillum dolore eu fugiat nulla pariatur. Excepteur sint occaecat cupidatat non proident, sunt in culpa qui officia deserunt mollit anim id est laborum.<\/p>\n\t\t<\/div>\n\t\t\t\t\t\t\t\t\t<\/div>\n\t\t\t\t\t\t\t\t\t<\/div>\n\n\t\t\t\t\t\t\t<\/div>\n\t\t\t\t\t<\/div>\n\t\t\t\t<div class=\"pp-post-wrap pp-carousel-item-wrap swiper-slide post-26525 award type-award status-publish has-post-thumbnail hentry\">\n\t\t\t\t\t\t<div class=\"pp-post pp-carousel-item\">\n\t\t\t\t\t\t<div class=\"pp-post-thumbnail\">\n\t\t\t<a class=\"pp-post-thumbnail-wrap\" href=\"https:\/\/giardinohotels.ch\/de\/award\/trip-advisor\/\" title=\"Trip Advisor\">\n\t\t\t\t<img decoding=\"async\" width=\"1024\" height=\"1024\" src=\"https:\/\/giardinohotels.ch\/wp-content\/uploads\/2025\/11\/Logo_TripAdvisor_SW-scaled-1-1024x1024.png\" class=\"attachment-large size-large wp-image-26550\" alt=\"\" title=\"\" srcset=\"https:\/\/giardinohotels.ch\/wp-content\/uploads\/2025\/11\/Logo_TripAdvisor_SW-scaled-1-1024x1024.png 1024w, https:\/\/giardinohotels.ch\/wp-content\/uploads\/2025\/11\/Logo_TripAdvisor_SW-scaled-1-300x300.png 300w, https:\/\/giardinohotels.ch\/wp-content\/uploads\/2025\/11\/Logo_TripAdvisor_SW-scaled-1-150x150.png 150w, https:\/\/giardinohotels.ch\/wp-content\/uploads\/2025\/11\/Logo_TripAdvisor_SW-scaled-1-768x768.png 768w, https:\/\/giardinohotels.ch\/wp-content\/uploads\/2025\/11\/Logo_TripAdvisor_SW-scaled-1-1536x1536.png 1536w, https:\/\/giardinohotels.ch\/wp-content\/uploads\/2025\/11\/Logo_TripAdvisor_SW-scaled-1-2048x2048.png 2048w\" sizes=\"(max-width: 1024px) 100vw, 1024px\" \/>\t\t\t<\/a>\n\t\t<\/div>\n\t\t\n\t\t\t\t\n\t\t\t\t<div class=\"pp-post-content-wrap\">\n\t\t\t\t\t<div class=\"pp-post-content\">\n\t\t\t\t\t\t\t\t\t\t\t\t<h5 class=\"pp-post-title\">\n\t\t\t\tTrip Advisor\t\t\t<\/h5>\n\t\t\t\t\t\t\t<div class=\"pp-post-excerpt\">\n\t\t\t\n<p>Lorem ipsum dolor sit amet, consectetur adipiscing elit, sed do eiusmod tempor incididunt ut labore et dolore magna aliqua. Ut enim ad minim veniam, quis nostrud exercitation ullamco laboris nisi ut aliquip ex ea commodo consequat. Duis aute irure dolor in reprehenderit in voluptate velit esse cillum dolore eu fugiat nulla pariatur. Excepteur sint occaecat cupidatat non proident, sunt in culpa qui officia deserunt mollit anim id est laborum.<\/p>\n\t\t<\/div>\n\t\t\t\t\t\t\t\t\t<\/div>\n\t\t\t\t\t\t\t\t\t<\/div>\n\n\t\t\t\t\t\t\t<\/div>\n\t\t\t\t\t<\/div>\n\t\t\t\t<div class=\"pp-post-wrap pp-carousel-item-wrap swiper-slide post-26405 award type-award status-publish has-post-thumbnail hentry category-ascona\">\n\t\t\t\t\t\t<div class=\"pp-post pp-carousel-item\">\n\t\t\t\t\t\t<div class=\"pp-post-thumbnail\">\n\t\t\t<a class=\"pp-post-thumbnail-wrap\" href=\"https:\/\/giardinohotels.ch\/de\/award\/aufsteigerkoch-2026-gault-millau\/\" title=\"Aufsteigerkoch 2026 \u2013 Gault Millau\">\n\t\t\t\t<img decoding=\"async\" width=\"1024\" height=\"1024\" src=\"https:\/\/giardinohotels.ch\/wp-content\/uploads\/2025\/11\/Logo_GaultMillau_SW-1024x1024.png\" class=\"attachment-large size-large wp-image-26548\" alt=\"\" title=\"\" srcset=\"https:\/\/giardinohotels.ch\/wp-content\/uploads\/2025\/11\/Logo_GaultMillau_SW-1024x1024.png 1024w, https:\/\/giardinohotels.ch\/wp-content\/uploads\/2025\/11\/Logo_GaultMillau_SW-300x300.png 300w, https:\/\/giardinohotels.ch\/wp-content\/uploads\/2025\/11\/Logo_GaultMillau_SW-150x150.png 150w, https:\/\/giardinohotels.ch\/wp-content\/uploads\/2025\/11\/Logo_GaultMillau_SW-768x768.png 768w, https:\/\/giardinohotels.ch\/wp-content\/uploads\/2025\/11\/Logo_GaultMillau_SW-1536x1536.png 1536w, https:\/\/giardinohotels.ch\/wp-content\/uploads\/2025\/11\/Logo_GaultMillau_SW-2048x2048.png 2048w\" sizes=\"(max-width: 1024px) 100vw, 1024px\" \/>\t\t\t<\/a>\n\t\t<\/div>\n\t\t\n\t\t\t\t\n\t\t\t\t<div class=\"pp-post-content-wrap\">\n\t\t\t\t\t<div class=\"pp-post-content\">\n\t\t\t\t\t\t\t\t\t\t\t\t<h5 class=\"pp-post-title\">\n\t\t\t\tAufsteigerkoch 2026 \u2013 Gault Millau\t\t\t<\/h5>\n\t\t\t\t\t\t\t<div class=\"pp-post-excerpt\">\n\t\t\t\n<p>Reto Br\u00e4ndli, \u00abAufsteigerkoch 2026\u00bb bei GaultMillau, begeistert im Restaurant Ecco mit seiner modernen, franz\u00f6sisch inspirierten K\u00fcche und kompromisslosem Qualit\u00e4tsanspruch. Mit 18 Punkten und raffinierten Kreationen, die regionale Produkte und innovative Techniken vereinen, setzt Br\u00e4ndli neue Ma\u00dfst\u00e4be f\u00fcr kulinarische Spitzenklasse.<\/p>\n\t\t<\/div>\n\t\t\t\t\t\t\t\t\t<\/div>\n\t\t\t\t\t\t\t\t\t<\/div>\n\n\t\t\t\t\t\t\t<\/div>\n\t\t\t\t\t<\/div>\n\t\t\t\t<div class=\"pp-post-wrap pp-carousel-item-wrap swiper-slide post-26403 award type-award status-publish has-post-thumbnail hentry category-ascona\">\n\t\t\t\t\t\t<div class=\"pp-post pp-carousel-item\">\n\t\t\t\t\t\t<div class=\"pp-post-thumbnail\">\n\t\t\t<a class=\"pp-post-thumbnail-wrap\" href=\"https:\/\/giardinohotels.ch\/de\/award\/guide-michelin-2025-2-sterne\/\" title=\"Guide Michelin 2025 \u2013 2 Sterne\">\n\t\t\t\t<img loading=\"lazy\" decoding=\"async\" width=\"1024\" height=\"1024\" src=\"https:\/\/giardinohotels.ch\/wp-content\/uploads\/2025\/11\/Logo_Le-Guide-Micheline_SW-1024x1024.png\" class=\"attachment-large size-large wp-image-26549\" alt=\"\" title=\"\" srcset=\"https:\/\/giardinohotels.ch\/wp-content\/uploads\/2025\/11\/Logo_Le-Guide-Micheline_SW-1024x1024.png 1024w, https:\/\/giardinohotels.ch\/wp-content\/uploads\/2025\/11\/Logo_Le-Guide-Micheline_SW-300x300.png 300w, https:\/\/giardinohotels.ch\/wp-content\/uploads\/2025\/11\/Logo_Le-Guide-Micheline_SW-150x150.png 150w, https:\/\/giardinohotels.ch\/wp-content\/uploads\/2025\/11\/Logo_Le-Guide-Micheline_SW-768x768.png 768w, https:\/\/giardinohotels.ch\/wp-content\/uploads\/2025\/11\/Logo_Le-Guide-Micheline_SW-1536x1536.png 1536w, https:\/\/giardinohotels.ch\/wp-content\/uploads\/2025\/11\/Logo_Le-Guide-Micheline_SW-2048x2048.png 2048w\" sizes=\"(max-width: 1024px) 100vw, 1024px\" \/>\t\t\t<\/a>\n\t\t<\/div>\n\t\t\n\t\t\t\t\n\t\t\t\t<div class=\"pp-post-content-wrap\">\n\t\t\t\t\t<div class=\"pp-post-content\">\n\t\t\t\t\t\t\t\t\t\t\t\t<h5 class=\"pp-post-title\">\n\t\t\t\tGuide Michelin 2025 \u2013 2 Sterne\t\t\t<\/h5>\n\t\t\t\t\t\t\t<div class=\"pp-post-excerpt\">\n\t\t\t\n<p>Das Giardino Ascona wurde mit dem MICHELIN Key f\u00fcr exzellente Hotellerie ausgezeichnet. Das hauseigene Gourmetrestaurant Ecco begeistert mit zwei MICHELIN-Sternen und modernster Spitzenk\u00fcche.<\/p>\n\t\t<\/div>\n\t\t\t\t\t\t\t\t\t<\/div>\n\t\t\t\t\t\t\t\t\t<\/div>\n\n\t\t\t\t\t\t\t<\/div>\n\t\t\t\t\t<\/div>\n\t\t\t\t<div class=\"pp-post-wrap pp-carousel-item-wrap swiper-slide post-26401 award type-award status-publish has-post-thumbnail hentry category-ascona\">\n\t\t\t\t\t\t<div class=\"pp-post pp-carousel-item\">\n\t\t\t\t\t\t<div class=\"pp-post-thumbnail\">\n\t\t\t<a class=\"pp-post-thumbnail-wrap\" href=\"https:\/\/giardinohotels.ch\/de\/award\/hornstein-ranking-2024-honored\/\" title=\"Hornstein Ranking 2024 \u2013 Honored\">\n\t\t\t\t<img loading=\"lazy\" decoding=\"async\" width=\"500\" height=\"500\" src=\"https:\/\/giardinohotels.ch\/wp-content\/uploads\/2025\/11\/Logo_DesignHotel_SW.png\" class=\"attachment-large size-large wp-image-26547\" alt=\"\" title=\"\" srcset=\"https:\/\/giardinohotels.ch\/wp-content\/uploads\/2025\/11\/Logo_DesignHotel_SW.png 500w, https:\/\/giardinohotels.ch\/wp-content\/uploads\/2025\/11\/Logo_DesignHotel_SW-300x300.png 300w, https:\/\/giardinohotels.ch\/wp-content\/uploads\/2025\/11\/Logo_DesignHotel_SW-150x150.png 150w\" sizes=\"(max-width: 500px) 100vw, 500px\" \/>\t\t\t<\/a>\n\t\t<\/div>\n\t\t\n\t\t\t\t\n\t\t\t\t<div class=\"pp-post-content-wrap\">\n\t\t\t\t\t<div class=\"pp-post-content\">\n\t\t\t\t\t\t\t\t\t\t\t\t<h5 class=\"pp-post-title\">\n\t\t\t\tHornstein Ranking 2024 \u2013 Honored\t\t\t<\/h5>\n\t\t\t\t\t\t\t<div class=\"pp-post-excerpt\">\n\t\t\t\n<p>Das Giardino Ascona vereint modernes Dolce Vita mit mediterranem F\u00fcnf-Sterne- Design. Kulinarische H\u00f6hepunkte und umfassende Spa-Konzepte schaffen einen R\u00fcckzugsort f\u00fcr K\u00f6rper und Geist, der Genuss und Erholung neu definiert.<\/p>\n\t\t<\/div>\n\t\t\t\t\t\t\t\t\t<\/div>\n\t\t\t\t\t\t\t\t\t<\/div>\n\n\t\t\t\t\t\t\t<\/div>\n\t\t\t\t\t<\/div>\n\t\t\t\t\t\t<\/div>\t\t\t<\/div>\n\t\t\t\t\t\t\t<div class=\"pp-slider-arrow elementor-swiper-button-prev swiper-button-prev-7540c9f\" aria-label=\"Previous slide\">\n\t\t\t\t\t<i aria-hidden=\"true\" class=\"fas fa-angle-left\"><\/i>\t\t\t\t<\/div>\n\t\t\t\t<div class=\"pp-slider-arrow elementor-swiper-button-next swiper-button-next-7540c9f\" aria-label=\"Next slide\">\n\t\t\t\t\t<i aria-hidden=\"true\" class=\"fas fa-angle-right\"><\/i>\t\t\t\t<\/div>\n\t\t\t<div class=\"pp-screen-only elementor-screen-only\" aria-live=\"polite\" id=\"pp-post-carousel-status\">Showing Slide 1 of 6<\/div>\n\t\t\t\n\t\t\t\n\t\t\t\n\t\t\t\t\t<\/div>\n\n\t\t\n\t\t\t\t\t\t<\/div>\n\t\t\t\t<\/div>\n\t\t\t\t\t<\/div>\n\t\t\t\t<\/div>\n\t\t\t\t<\/div>\n\t\t","protected":false},"excerpt":{"rendered":"<p>Demo Award-Slider. Die Beispielbilder sind nicht gestaltet. Swiss Location Award Das Giardino Ascona wurde mit dem Swiss Location Award 2025 als eine der sch\u00f6nsten Hochzeits- und Eventlocations der Schweiz ausgezeichnet. Damit steht das Haus nicht nur f\u00fcr exquisite Kulinarik und Hotellerie, sondern auch f\u00fcr erstklassige Veranstaltungen in einzigartigem Ambiente. Aufsteigerkoch 2026 \u2013 Gault Millau Reto [&hellip;]<\/p>\n","protected":false},"author":1,"featured_media":0,"parent":0,"menu_order":0,"comment_status":"closed","ping_status":"closed","template":"","meta":{"_acf_changed":false,"site-sidebar-layout":"no-sidebar","site-content-layout":"page-builder","ast-site-content-layout":"full-width-container","site-content-style":"default","site-sidebar-style":"default","ast-global-header-display":"","ast-banner-title-visibility":"","ast-main-header-display":"","ast-hfb-above-header-display":"","ast-hfb-below-header-display":"","ast-hfb-mobile-header-display":"","site-post-title":"","ast-breadcrumbs-content":"","ast-featured-img":"disabled","footer-sml-layout":"","ast-disable-related-posts":"","theme-transparent-header-meta":"","adv-header-id-meta":"","stick-header-meta":"","header-above-stick-meta":"","header-main-stick-meta":"","header-below-stick-meta":"","astra-migrate-meta-layouts":"set","ast-page-background-enabled":"default","ast-page-background-meta":{"desktop":{"background-color":"","background-image":"","background-repeat":"repeat","background-position":"center center","background-size":"auto","background-attachment":"scroll","background-type":"","background-media":"","overlay-type":"","overlay-color":"","overlay-opacity":"","overlay-gradient":""},"tablet":{"background-color":"","background-image":"","background-repeat":"repeat","background-position":"center center","background-size":"auto","background-attachment":"scroll","background-type":"","background-media":"","overlay-type":"","overlay-color":"","overlay-opacity":"","overlay-gradient":""},"mobile":{"background-color":"","background-image":"","background-repeat":"repeat","background-position":"center center","background-size":"auto","background-attachment":"scroll","background-type":"","background-media":"","overlay-type":"","overlay-color":"","overlay-opacity":"","overlay-gradient":""}},"ast-content-background-meta":{"desktop":{"background-color":"var(--ast-global-color-5)","background-image":"","background-repeat":"repeat","background-position":"center center","background-size":"auto","background-attachment":"scroll","background-type":"","background-media":"","overlay-type":"","overlay-color":"","overlay-opacity":"","overlay-gradient":""},"tablet":{"background-color":"var(--ast-global-color-5)","background-image":"","background-repeat":"repeat","background-position":"center center","background-size":"auto","background-attachment":"scroll","background-type":"","background-media":"","overlay-type":"","overlay-color":"","overlay-opacity":"","overlay-gradient":""},"mobile":{"background-color":"var(--ast-global-color-5)","background-image":"","background-repeat":"repeat","background-position":"center center","background-size":"auto","background-attachment":"scroll","background-type":"","background-media":"","overlay-type":"","overlay-color":"","overlay-opacity":"","overlay-gradient":""}},"footnotes":""},"class_list":["post-26409","page","type-page","status-publish","hentry"],"acf":[],"publishpress_future_action":{"enabled":false,"date":"2026-05-08 23:28:36","action":"change-status","newStatus":"draft","terms":[],"taxonomy":"translation_priority","extraData":[]},"publishpress_future_workflow_manual_trigger":{"enabledWorkflows":[]},"ase":null,"_links":{"self":[{"href":"https:\/\/giardinohotels.ch\/de\/wp-json\/wp\/v2\/pages\/26409","targetHints":{"allow":["GET"]}}],"collection":[{"href":"https:\/\/giardinohotels.ch\/de\/wp-json\/wp\/v2\/pages"}],"about":[{"href":"https:\/\/giardinohotels.ch\/de\/wp-json\/wp\/v2\/types\/page"}],"author":[{"embeddable":true,"href":"https:\/\/giardinohotels.ch\/de\/wp-json\/wp\/v2\/users\/1"}],"replies":[{"embeddable":true,"href":"https:\/\/giardinohotels.ch\/de\/wp-json\/wp\/v2\/comments?post=26409"}],"version-history":[{"count":15,"href":"https:\/\/giardinohotels.ch\/de\/wp-json\/wp\/v2\/pages\/26409\/revisions"}],"predecessor-version":[{"id":26545,"href":"https:\/\/giardinohotels.ch\/de\/wp-json\/wp\/v2\/pages\/26409\/revisions\/26545"}],"wp:attachment":[{"href":"https:\/\/giardinohotels.ch\/de\/wp-json\/wp\/v2\/media?parent=26409"}],"curies":[{"name":"wp","href":"https:\/\/api.w.org\/{rel}","templated":true}]}}